{"id":15,"date":"2022-10-19T09:39:16","date_gmt":"2022-10-19T09:39:16","guid":{"rendered":"https:\/\/tagy.tagsystems.li\/?page_id=15"},"modified":"2023-05-04T14:08:17","modified_gmt":"2023-05-04T14:08:17","slug":"soluciones","status":"publish","type":"page","link":"https:\/\/tagsystems.com\/es-cr\/soluciones\/","title":{"rendered":"Soluciones"},"content":{"rendered":"\t\t<div data-elementor-type=\"wp-page\" data-elementor-id=\"15\" class=\"elementor elementor-15\">\n\t\t\t\t\t\t<section class=\"elementor-section elementor-top-section elementor-element elementor-element-3589d643 elementor-section-stretched elementor-section-boxed elementor-section-height-default elementor-section-height-default\" data-id=\"3589d643\" data-element_type=\"section\" data-e-type=\"section\" data-settings=\"{&quot;stretch_section&quot;:&quot;section-stretched&quot;}\">\n\t\t\t\t\t\t<div class=\"elementor-container elementor-column-gap-default\">\n\t\t\t\t\t<div class=\"elementor-column elementor-col-100 elementor-top-column elementor-element elementor-element-7aff4b4c\" data-id=\"7aff4b4c\" data-element_type=\"column\" data-e-type=\"column\">\n\t\t\t<div class=\"elementor-widget-wrap elementor-element-populated\">\n\t\t\t\t\t\t<div class=\"elementor-element elementor-element-428a0cb elementor-grid-2 elementor-posts__hover-none elementor-grid-widescreen-2 elementor-grid-tablet-2 elementor-grid-mobile-1 elementor-posts--thumbnail-top elementor-widget elementor-widget-posts\" data-id=\"428a0cb\" data-element_type=\"widget\" data-e-type=\"widget\" data-settings=\"{&quot;cards_columns&quot;:&quot;2&quot;,&quot;cards_row_gap&quot;:{&quot;unit&quot;:&quot;px&quot;,&quot;size&quot;:10,&quot;sizes&quot;:[]},&quot;cards_columns_widescreen&quot;:&quot;2&quot;,&quot;cards_columns_tablet&quot;:&quot;2&quot;,&quot;cards_columns_mobile&quot;:&quot;1&quot;,&quot;cards_row_gap_widescreen&quot;:{&quot;unit&quot;:&quot;px&quot;,&quot;size&quot;:&quot;&quot;,&quot;sizes&quot;:[]},&quot;cards_row_gap_laptop&quot;:{&quot;unit&quot;:&quot;px&quot;,&quot;size&quot;:&quot;&quot;,&quot;sizes&quot;:[]},&quot;cards_row_gap_tablet_extra&quot;:{&quot;unit&quot;:&quot;px&quot;,&quot;size&quot;:&quot;&quot;,&quot;sizes&quot;:[]},&quot;cards_row_gap_tablet&quot;:{&quot;unit&quot;:&quot;px&quot;,&quot;size&quot;:&quot;&quot;,&quot;sizes&quot;:[]},&quot;cards_row_gap_mobile_extra&quot;:{&quot;unit&quot;:&quot;px&quot;,&quot;size&quot;:&quot;&quot;,&quot;sizes&quot;:[]},&quot;cards_row_gap_mobile&quot;:{&quot;unit&quot;:&quot;px&quot;,&quot;size&quot;:&quot;&quot;,&quot;sizes&quot;:[]}}\" data-widget_type=\"posts.cards\">\n\t\t\t\t<div class=\"elementor-widget-container\">\n\t\t\t\t\t\t\t<div class=\"elementor-posts-container elementor-posts elementor-posts--skin-cards elementor-grid\">\n\t\t\t\t<article class=\"elementor-post elementor-grid-item post-877 post type-post status-publish format-standard has-post-thumbnail hentry category-solutions tag-blue\">\n\t\t\t<div class=\"elementor-post__card\">\n\t\t\t\t<a class=\"elementor-post__thumbnail__link\" href=\"https:\/\/tagsystems.com\/es-cr\/tagx-orquestacion-de-pagos\/\"><div class=\"elementor-post__thumbnail\"><img fetchpriority=\"high\" decoding=\"async\" width=\"301\" height=\"301\" src=\"https:\/\/tagsystems.com\/es-cr\/wp-content\/uploads\/sites\/3\/2023\/01\/icon_x.png\" class=\"attachment-medium size-medium wp-image-974\" alt><\/div><\/a>\n\t\t\t\t<div class=\"elementor-post__text\">\n\t\t\t\t<h3 class=\"elementor-post__title\">\n\t\t\t<a href=\"https:\/\/tagsystems.com\/es-cr\/tagx-orquestacion-de-pagos\/\">\n\t\t\t\tTAGx \u2014 Dise\u00f1ado para un mundo de pagos fragmentado.\t\t\t<\/a>\n\t\t<\/h3>\n\t\t\t\t<div class=\"elementor-post__excerpt\">\n\t\t\t<p>Payments today are not failing because of a lack of providers \u2014 they are failing because of fragmentation, inefficiency, and lack of control. <strong>TAGx<\/strong> was built to solve this.<\/p>\n\t\t<\/div>\n\t\t\t\t<\/div>\n\t\t\t\t\t<\/div>\n\t\t<\/article>\n\t\t\t\t<article class=\"elementor-post elementor-grid-item post-904 post type-post status-publish format-standard has-post-thumbnail hentry category-solutions tag-lightblue\">\n\t\t\t<div class=\"elementor-post__card\">\n\t\t\t\t<a class=\"elementor-post__thumbnail__link\" href=\"https:\/\/tagsystems.com\/es-cr\/tag-centros-de-datos-y-redes\/\"><div class=\"elementor-post__thumbnail\"><img decoding=\"async\" width=\"600\" height=\"600\" src=\"https:\/\/tagsystems.com\/es-cr\/wp-content\/uploads\/sites\/3\/2023\/04\/icon_cloud-1.svg\" class=\"attachment-medium size-medium wp-image-2493\" alt><\/div><\/a>\n\t\t\t\t<div class=\"elementor-post__text\">\n\t\t\t\t<h3 class=\"elementor-post__title\">\n\t\t\t<a href=\"https:\/\/tagsystems.com\/es-cr\/tag-centros-de-datos-y-redes\/\">\n\t\t\t\tTAG Centros de Datos y Redes\t\t\t<\/a>\n\t\t<\/h3>\n\t\t\t\t<div class=\"elementor-post__excerpt\">\n\t\t\t<p>TAG ofrece a las empresas una variedad de soluciones de hosting y redes, incluido el hosting dedicado para un entorno inform\u00e1tico seguro, los servicios en la nube para el acceso a recursos de acuerdo a la demanda y las soluciones de centro de datos que garantizan la continuidad del negocio debido a la redundancia y capacidad de failover.<\/p>\n\t\t<\/div>\n\t\t\t\t<\/div>\n\t\t\t\t\t<\/div>\n\t\t<\/article>\n\t\t\t\t<article class=\"elementor-post elementor-grid-item post-925 post type-post status-publish format-standard has-post-thumbnail hentry category-solutions tag-red\">\n\t\t\t<div class=\"elementor-post__card\">\n\t\t\t\t<a class=\"elementor-post__thumbnail__link\" href=\"https:\/\/tagsystems.com\/es-cr\/tag-soluciones-de-desarrollo\/\"><div class=\"elementor-post__thumbnail\"><img decoding=\"async\" width=\"301\" height=\"301\" src=\"https:\/\/tagsystems.com\/es-cr\/wp-content\/uploads\/sites\/3\/2023\/01\/icon_dev.png\" class=\"attachment-medium size-medium wp-image-973\" alt><\/div><\/a>\n\t\t\t\t<div class=\"elementor-post__text\">\n\t\t\t\t<h3 class=\"elementor-post__title\">\n\t\t\t<a href=\"https:\/\/tagsystems.com\/es-cr\/tag-soluciones-de-desarrollo\/\">\n\t\t\t\tTAG Soluciones de Desarrollo\t\t\t<\/a>\n\t\t<\/h3>\n\t\t\t\t<div class=\"elementor-post__excerpt\">\n\t\t\t<p>TAG proporciona una soluci\u00f3n integral a sus clientes al poseer el ciclo de vida de dep\u00f3sito de inicio a fin y ofrecer sistemas, infraestructuras, administraci\u00f3n y personal de alta calidad a trav\u00e9s de un proveedor de soluciones llave en mano.<\/p>\n\t\t<\/div>\n\t\t\t\t<\/div>\n\t\t\t\t\t<\/div>\n\t\t<\/article>\n\t\t\t\t<\/div>\n\n\n\t\t\n\t\t\t\t\t\t<\/div>\n\t\t\t\t<\/div>\n\t\t\t\t\t<\/div>\n\t\t<\/div>\n\t\t\t\t\t<\/div>\n\t\t<\/section>\n\t\t\t\t<\/div>\n\t\t","protected":false},"excerpt":{"rendered":"","protected":false},"author":1,"featured_media":0,"parent":0,"menu_order":0,"comment_status":"closed","ping_status":"closed","template":"","meta":{"inline_featured_image":false,"wp_typography_post_enhancements_disabled":false,"footnotes":""},"class_list":["post-15","page","type-page","status-publish","hentry"],"_links":{"self":[{"href":"https:\/\/tagsystems.com\/es-cr\/wp-json\/wp\/v2\/pages\/15","targetHints":{"allow":["GET"]}}],"collection":[{"href":"https:\/\/tagsystems.com\/es-cr\/wp-json\/wp\/v2\/pages"}],"about":[{"href":"https:\/\/tagsystems.com\/es-cr\/wp-json\/wp\/v2\/types\/page"}],"author":[{"embeddable":true,"href":"https:\/\/tagsystems.com\/es-cr\/wp-json\/wp\/v2\/users\/1"}],"replies":[{"embeddable":true,"href":"https:\/\/tagsystems.com\/es-cr\/wp-json\/wp\/v2\/comments?post=15"}],"version-history":[{"count":107,"href":"https:\/\/tagsystems.com\/es-cr\/wp-json\/wp\/v2\/pages\/15\/revisions"}],"predecessor-version":[{"id":2686,"href":"https:\/\/tagsystems.com\/es-cr\/wp-json\/wp\/v2\/pages\/15\/revisions\/2686"}],"wp:attachment":[{"href":"https:\/\/tagsystems.com\/es-cr\/wp-json\/wp\/v2\/media?parent=15"}],"curies":[{"name":"wp","href":"https:\/\/api.w.org\/{rel}","templated":true}]}}